{"id":13,"date":"2018-05-01T08:33:29","date_gmt":"2018-05-01T07:33:29","guid":{"rendered":"http:\/\/www.almadelagrimas.com\/?page_id=13"},"modified":"2022-02-09T07:11:59","modified_gmt":"2022-02-09T07:11:59","slug":"info","status":"publish","type":"page","link":"https:\/\/almadelagrimas.com\/es\/info\/","title":{"rendered":"Info"},"content":{"rendered":"<p>[et_pb_section fb_built=&#8221;1&#8243; _builder_version=&#8221;4.9.0&#8243; background_image=&#8221;\/\/i0.wp.com\/almadelagrimas.com\/wp-content\/uploads\/2021\/02\/achtergrondnew.jpg&#8221; background_position=&#8221;top_center&#8221; custom_padding=&#8221;107px|0px|107px|0px|true|false&#8221; animation_style=&#8221;fade&#8221; da_disable_devices=&#8221;off|off|off&#8221; global_colors_info=&#8221;{}&#8221; da_is_popup=&#8221;off&#8221; da_exit_intent=&#8221;off&#8221; da_has_close=&#8221;on&#8221; da_alt_close=&#8221;off&#8221; da_dark_close=&#8221;off&#8221; da_not_modal=&#8221;on&#8221; da_is_singular=&#8221;off&#8221; da_with_loader=&#8221;off&#8221; da_has_shadow=&#8221;on&#8221;][et_pb_row _builder_version=&#8221;3.25&#8243; background_size=&#8221;initial&#8221; background_position=&#8221;top_left&#8221; background_repeat=&#8221;repeat&#8221; custom_margin=&#8221;-23px|||&#8221; custom_padding=&#8221;0|0px|75px|0px|false|false&#8221; global_colors_info=&#8221;{}&#8221;][et_pb_column type=&#8221;4_4&#8243; _builder_version=&#8221;3.25&#8243; custom_padding=&#8221;|||&#8221; global_colors_info=&#8221;{}&#8221; custom_padding__hover=&#8221;|||&#8221;][et_pb_text admin_label=&#8221;Titel&#8221; _builder_version=&#8221;4.9.0&#8243; text_font=&#8221;Cheap_Pine_Sans|||on|||||&#8221; text_text_color=&#8221;#FFFFFF&#8221; text_font_size=&#8221;55px&#8221; text_orientation=&#8221;center&#8221; global_colors_info=&#8221;{}&#8221;]<\/p>\n<p>Info<\/p>\n<p>[\/et_pb_text][\/et_pb_column][\/et_pb_row][\/et_pb_section][et_pb_section fb_built=&#8221;1&#8243; _builder_version=&#8221;4.10.7&#8243; background_color=&#8221;#FFFFFF&#8221; background_image=&#8221;\/\/i0.wp.com\/almadelagrimas.com\/wp-content\/uploads\/2022\/02\/paperbg.png&#8221; background_size=&#8221;initial&#8221; background_repeat=&#8221;repeat&#8221; custom_padding=&#8221;76px|0px|74px|0px|false|false&#8221; da_disable_devices=&#8221;off|off|off&#8221; global_colors_info=&#8221;{}&#8221; da_is_popup=&#8221;off&#8221; da_exit_intent=&#8221;off&#8221; da_has_close=&#8221;on&#8221; da_alt_close=&#8221;off&#8221; da_dark_close=&#8221;off&#8221; da_not_modal=&#8221;on&#8221; da_is_singular=&#8221;off&#8221; da_with_loader=&#8221;off&#8221; da_has_shadow=&#8221;on&#8221;][et_pb_row column_structure=&#8221;3_5,2_5&#8243; make_equal=&#8221;on&#8221; disabled_on=&#8221;off|off|off&#8221; _builder_version=&#8221;4.9.0&#8243; background_size=&#8221;initial&#8221; background_position=&#8221;top_left&#8221; background_repeat=&#8221;repeat&#8221; custom_padding=&#8221;22.4688px|0px|16px|0px|false|false&#8221; global_colors_info=&#8221;{}&#8221;][et_pb_column type=&#8221;3_5&#8243; _builder_version=&#8221;3.25&#8243; custom_padding=&#8221;|||&#8221; global_colors_info=&#8221;{}&#8221; custom_padding__hover=&#8221;|||&#8221;][et_pb_text admin_label=&#8221;Bio Wim&#8221; _builder_version=&#8221;4.9.0&#8243; header_3_text_color=&#8221;#000000&#8243; global_colors_info=&#8221;{}&#8221;]<\/p>\n<h3>Wim Cops<\/h3>\n<p>Bajo la direcci\u00f3n de Paco Pe\u00f1a, Wim Cops se gradu\u00f3 en el Conservatorio de Rotterdam (Pa\u00eds Bajo) de tocaor. Tom\u00f3 clases de Ricardo Mendeville, Hans van Gogh y curs\u00f3 masterclasses de e.o. Paco Serrano y Manolo Franco.  A la escuela superior de \u201cTil\u201d de Pop y Rock de Amberes estudi\u00f3 guitarra el\u00e9ctrica.<\/p>\n<p>Adem\u00e1s hizo varias formaciones pr\u00e1cticas internacionales de guitarra cl\u00e1sica con guitarristas c\u00e9lebres como Raphaella Smits, Bram Uten y Adrien Brogna.<\/p>\n<p>Actu\u00f3 como solista y su guitarra acompa\u00f1\u00f3 tambi\u00e9n a programas de poes\u00eda, declamada  por Sylvie Marie, Leonard Nolens y Veerle Philippaerts.<\/p>\n<p>Wim Cops compone m\u00fasica para guitarra sola y para Alma de L\u00e1grimas. Adem\u00e1s escribe m\u00fasica de acompa\u00f1amiento de poes\u00eda y cuentos.<\/p>\n<p>Con Ruben Appermont fund\u00f3 Alma de L\u00e1grimas, un colectivo musical con fuertes acentos espa\u00f1oles y latinoamericanos.<\/p>\n<p>Da clases en las academias de Dilsen-Stokkem y Lanaken (B\u00e9lgica).<\/p>\n<div>\n<p><span style=\"font-size: 15px;\"><\/span><\/p>\n<\/div>\n<p>[\/et_pb_text][\/et_pb_column][et_pb_column type=&#8221;2_5&#8243; _builder_version=&#8221;3.25&#8243; custom_padding=&#8221;|||&#8221; global_colors_info=&#8221;{}&#8221; custom_padding__hover=&#8221;|||&#8221;][et_pb_image src=&#8221;\/\/i0.wp.com\/almadelagrimas.com\/wp-content\/uploads\/2021\/02\/wimportret.jpg&#8221; title_text=&#8221;wimportret&#8221; align_tablet=&#8221;center&#8221; align_phone=&#8221;&#8221; align_last_edited=&#8221;on|desktop&#8221; admin_label=&#8221;Foto Wim&#8221; _builder_version=&#8221;4.9.0&#8243; custom_margin=&#8221;9px|||&#8221; global_colors_info=&#8221;{}&#8221;][\/et_pb_image][\/et_pb_column][\/et_pb_row][et_pb_row column_structure=&#8221;2_5,3_5&#8243; make_equal=&#8221;on&#8221; _builder_version=&#8221;3.25&#8243; background_size=&#8221;initial&#8221; background_position=&#8221;top_left&#8221; background_repeat=&#8221;repeat&#8221; custom_padding=&#8221;54px|0px|22.4688px|0px|false|false&#8221; global_colors_info=&#8221;{}&#8221;][et_pb_column type=&#8221;2_5&#8243; _builder_version=&#8221;3.25&#8243; custom_padding=&#8221;|||&#8221; global_colors_info=&#8221;{}&#8221; custom_padding__hover=&#8221;|||&#8221;][et_pb_image src=&#8221;\/\/i0.wp.com\/almadelagrimas.com\/wp-content\/uploads\/2021\/02\/rubenportret.jpg&#8221; title_text=&#8221;rubenportret&#8221; align_tablet=&#8221;center&#8221; align_phone=&#8221;&#8221; align_last_edited=&#8221;on|desktop&#8221; admin_label=&#8221;Foto Ruben&#8221; _builder_version=&#8221;4.9.0&#8243; custom_margin=&#8221;9px|||&#8221; global_colors_info=&#8221;{}&#8221;][\/et_pb_image][\/et_pb_column][et_pb_column type=&#8221;3_5&#8243; _builder_version=&#8221;3.25&#8243; custom_padding=&#8221;|||&#8221; global_colors_info=&#8221;{}&#8221; custom_padding__hover=&#8221;|||&#8221;][et_pb_text admin_label=&#8221;Bio Ruben&#8221; _builder_version=&#8221;4.9.0&#8243; header_3_text_color=&#8221;#000000&#8243; global_colors_info=&#8221;{}&#8221;]<\/p>\n<h3>Ruben Appermont<\/h3>\n<p>Ruben gradu\u00f3 en el Conservatorio de Amberes con Lode Leire. Curs\u00f3 masterclasses con Franco Petracchi y Thomas Martin y sigui\u00f3 formaciones de Jazz con Nicolas Thys y Piet Verbiest.<\/p>\n<p>Como contrabajista polifac\u00e9tico presta su colaboraci\u00f3n a los proyectos m\u00e1s diversos. Con Wim Cops, tocaor flamenco, fund\u00f3 el colectivo Alma de L\u00e1grimas.  A repetidas ocasiones es m\u00fasico invitado y de sesi\u00f3n con e.o. el Nationaal Orkest, de Vlaamse Opera, Het Toneelhuis, el bandeonista Alfredo Marcucci, el cantante Charles Dumont y varios artistas flamencos.  Colabor\u00f3 en la grabaci\u00f3n de una decena de cd, dvd y de televisi\u00f3n para Scala, Il Novecento y Jef Neve. Encima suele ser contrabajista en las grabaciones de Wim Mertens.<\/p>\n<p class=\"translation-block\">Junto con el autor Stijn Moekaars, Ruben ha creado diferentes producciones de m\u00fasica y teatro para ni\u00f1os. Esto result\u00f3 en un hermoso libro ilustrado para ni\u00f1os por orden de la casa editorial Clavis: \u201cTA-BOE! Stoute liedjes voor lieve kinderen\u201d. Siendo compositor, Ruben escribe obras para orquestas, el Hasselts Operette Gezelschap, contrabajo, etc\u00e9tera\u2026 Tambi\u00e9n compone miniaturas para e.o. la melod\u00eda del carill\u00f3n de Genk y el cuv\u00e9e top exclusivo \u2018A Tempo\u2019 del Domaine P\u00e9gau de Ch\u00e2teauneuf-du-Pape.<\/p>\n<p>Ruben da clases en la Academia de Dilsen-Stokkem y en la Kunsthumaniora de Bruselas.<\/p>\n<p>[\/et_pb_text][\/et_pb_column][\/et_pb_row][\/et_pb_section][et_pb_section fb_built=&#8221;1&#8243; module_id=&#8221;contact&#8221; _builder_version=&#8221;4.10.7&#8243; background_color=&#8221;#191919&#8243; background_image=&#8221;\/\/i0.wp.com\/almadelagrimas.com\/wp-content\/uploads\/2022\/02\/vloer2.jpg&#8221; background_size=&#8221;initial&#8221; background_position=&#8221;bottom_center&#8221; background_blend=&#8221;lighten&#8221; custom_padding=&#8221;62px|0px|25.3906px|0px|false|false&#8221; da_disable_devices=&#8221;off|off|off&#8221; global_colors_info=&#8221;{}&#8221; global_module=&#8221;1788&#8243; da_is_popup=&#8221;off&#8221; da_exit_intent=&#8221;off&#8221; da_has_close=&#8221;on&#8221; da_alt_close=&#8221;off&#8221; da_dark_close=&#8221;off&#8221; da_not_modal=&#8221;on&#8221; da_is_singular=&#8221;off&#8221; da_with_loader=&#8221;off&#8221; da_has_shadow=&#8221;on&#8221;][et_pb_row column_structure=&#8221;1_2,1_2&#8243; _builder_version=&#8221;4.9.0&#8243; background_size=&#8221;initial&#8221; background_position=&#8221;top_left&#8221; background_repeat=&#8221;repeat&#8221; global_colors_info=&#8221;{}&#8221;][et_pb_column type=&#8221;1_2&#8243; module_class=&#8221;ds-vertical-align&#8221; _builder_version=&#8221;4.9.0&#8243; custom_padding=&#8221;|||&#8221; global_colors_info=&#8221;{}&#8221; custom_padding__hover=&#8221;|||&#8221;][et_pb_text admin_label=&#8221;Contact&#8221; module_id=&#8221;contactlinks&#8221; _builder_version=&#8221;4.10.7&#8243; text_font=&#8221;Cheap_Pine_Sans|||on|||||&#8221; text_text_color=&#8221;#FFFFFF&#8221; text_font_size=&#8221;50px&#8221; header_text_color=&#8221;#f4ecd2&#8243; background_repeat=&#8221;repeat&#8221; custom_margin=&#8221;||48px||false|false&#8221; global_colors_info=&#8221;{}&#8221;]<\/p>\n<p>contactar<\/p>\n<p>[\/et_pb_text][et_pb_text admin_label=&#8221;Contact&#8221; module_id=&#8221;contactlinks&#8221; _builder_version=&#8221;4.10.7&#8243; text_font=&#8221;||||||||&#8221; text_text_color=&#8221;#FFFFFF&#8221; text_font_size=&#8221;16px&#8221; header_text_color=&#8221;#f4ecd2&#8243; background_repeat=&#8221;repeat&#8221; custom_margin=&#8221;||48px||false|false&#8221; global_colors_info=&#8221;{}&#8221;]<\/p>\n<p><span style=\"color: #ffffff;\"><strong>Info:<\/strong> <a target=\"_top\" href=\"mailto:info@almadelagrimas.com\" rel=\"noopener\" style=\"color: #ffffff;\">info@almadelagrimas.com<\/a><\/span><br \/><span style=\"color: #ffffff;\"><strong>Booking:\u00a0<\/strong><a target=\"_top\" href=\"mailto:laetitia@cigalleproductions.com\" rel=\"noopener\" style=\"color: #ffffff;\">laetitia@cigalleproductions.com<\/a><\/span><\/p>\n<p>[\/et_pb_text][et_pb_social_media_follow icon_color=&#8221;#280700&#8243; module_class=&#8221;colored-icons&#8221; _builder_version=&#8221;4.10.7&#8243; background_color=&#8221;RGBA(0,0,0,0)&#8221; global_colors_info=&#8221;{}&#8221;][et_pb_social_media_follow_network social_network=&#8221;facebook&#8221; url=&#8221;https:\/\/www.facebook.com\/almadelagrimas&#8221; _builder_version=&#8221;4.10.7&#8243; background_color=&#8221;#FFFFFF&#8221; background_enable_color=&#8221;on&#8221; border_radii=&#8221;on|0px|0px|0px|0px&#8221; global_colors_info=&#8221;{}&#8221; background__hover_enabled=&#8221;on|hover&#8221; background_color__hover=&#8221;#E35453&#8243; background_enable_color__hover=&#8221;on&#8221; follow_button=&#8221;off&#8221; url_new_window=&#8221;on&#8221;]<\/p>\n<p>Facebook<\/p>\n<p>[\/et_pb_social_media_follow_network][et_pb_social_media_follow_network social_network=&#8221;instagram&#8221; url=&#8221;https:\/\/www.instagram.com\/almadelagrimas&#8221; _builder_version=&#8221;4.10.7&#8243; background_color=&#8221;#FFFFFF&#8221; background_enable_color=&#8221;on&#8221; border_radii=&#8221;on|0px|0px|0px|0px&#8221; global_colors_info=&#8221;{}&#8221; background__hover_enabled=&#8221;on|hover&#8221; background_color__hover=&#8221;#E35453&#8243; background_enable_color__hover=&#8221;on&#8221; follow_button=&#8221;off&#8221; url_new_window=&#8221;on&#8221;]<\/p>\n<p>Instagram<\/p>\n<p>[\/et_pb_social_media_follow_network][\/et_pb_social_media_follow][et_pb_button button_url=&#8221;https:\/\/eepurl.com\/dvj8Ab&#8221; url_new_window=&#8221;on&#8221; button_text=&#8221;Ontvang onze nieuwsbrief&#8221; admin_label=&#8221;Nieuwsbrief button&#8221; _builder_version=&#8221;4.10.7&#8243; custom_button=&#8221;on&#8221; button_text_color=&#8221;#FFFFFF&#8221; button_bg_color=&#8221;RGBA(0,0,0,0)&#8221; button_border_color=&#8221;#FFFFFF&#8221; button_text_color_hover=&#8221;#d2c18b&#8221; button_border_color_hover=&#8221;#d2c18b&#8221; global_colors_info=&#8221;{}&#8221; button_text_size__hover_enabled=&#8221;off&#8221; button_text_size__hover=&#8221;null&#8221; button_one_text_size__hover_enabled=&#8221;off&#8221; button_one_text_size__hover=&#8221;null&#8221; button_two_text_size__hover_enabled=&#8221;off&#8221; button_two_text_size__hover=&#8221;null&#8221; button_text_color__hover_enabled=&#8221;on|hover&#8221; button_text_color__hover=&#8221;#E35453&#8243; button_one_text_color__hover_enabled=&#8221;off&#8221; button_one_text_color__hover=&#8221;null&#8221; button_two_text_color__hover_enabled=&#8221;off&#8221; button_two_text_color__hover=&#8221;null&#8221; button_border_width__hover_enabled=&#8221;off&#8221; button_border_width__hover=&#8221;null&#8221; button_one_border_width__hover_enabled=&#8221;off&#8221; button_one_border_width__hover=&#8221;null&#8221; button_two_border_width__hover_enabled=&#8221;off&#8221; button_two_border_width__hover=&#8221;null&#8221; button_border_color__hover_enabled=&#8221;on|hover&#8221; button_border_color__hover=&#8221;#E35453&#8243; button_one_border_color__hover_enabled=&#8221;off&#8221; button_one_border_color__hover=&#8221;null&#8221; button_two_border_color__hover_enabled=&#8221;off&#8221; button_two_border_color__hover=&#8221;null&#8221; button_border_radius__hover_enabled=&#8221;off&#8221; button_border_radius__hover=&#8221;null&#8221; button_one_border_radius__hover_enabled=&#8221;off&#8221; button_one_border_radius__hover=&#8221;null&#8221; button_two_border_radius__hover_enabled=&#8221;off&#8221; button_two_border_radius__hover=&#8221;null&#8221; button_letter_spacing__hover_enabled=&#8221;off&#8221; button_letter_spacing__hover=&#8221;null&#8221; button_one_letter_spacing__hover_enabled=&#8221;off&#8221; button_one_letter_spacing__hover=&#8221;null&#8221; button_two_letter_spacing__hover_enabled=&#8221;off&#8221; button_two_letter_spacing__hover=&#8221;null&#8221; button_bg_color__hover_enabled=&#8221;off&#8221; button_bg_color__hover=&#8221;null&#8221; button_one_bg_color__hover_enabled=&#8221;off&#8221; button_one_bg_color__hover=&#8221;null&#8221; button_two_bg_color__hover_enabled=&#8221;off&#8221; button_two_bg_color__hover=&#8221;null&#8221;]<\/p>\n<p>\u00a0<\/p>\n<p>[\/et_pb_button][\/et_pb_column][et_pb_column type=&#8221;1_2&#8243; module_class=&#8221;ds-vertical-align&#8221; _builder_version=&#8221;4.9.0&#8243; custom_padding=&#8221;|||&#8221; global_colors_info=&#8221;{}&#8221; custom_padding__hover=&#8221;|||&#8221;][et_pb_contact_form captcha=&#8221;off&#8221; email=&#8221;info@almadelagrimas.com&#8221; success_message=&#8221;Bedankt, het bericht werd verstuurd. We nemen zo snel mogelijk contact met u op.&#8221; submit_button_text=&#8221;Verstuur&#8221; module_id=&#8221;et_pb_contact_form_0&#8243; _builder_version=&#8221;4.10.7&#8243; form_field_background_color=&#8221;#FFFFFF&#8221; form_field_text_color=&#8221;#f4ecd2&#8243; custom_button=&#8221;on&#8221; button_text_color=&#8221;#FFFFFF&#8221; button_border_color=&#8221;#FFFFFF&#8221; button_use_icon=&#8221;off&#8221; custom_css_contact_button=&#8221;margin-top:20px;&#8221; form_background_color=&#8221;#f4ecd2&#8243; global_colors_info=&#8221;{}&#8221; button_border_color__hover_enabled=&#8221;on|hover&#8221; button_text_size__hover_enabled=&#8221;off|hover&#8221; button_border_color__hover=&#8221;#E35453&#8243; button_text_color__hover_enabled=&#8221;on|hover&#8221; button_text_color__hover=&#8221;#E35453&#8243; button_text_color_hover=&#8221;#d2c18b&#8221; button_border_color_hover=&#8221;#d2c18b&#8221;][et_pb_contact_field field_id=&#8221;Naam&#8221; field_title=&#8221;Naam&#8221; fullwidth_field=&#8221;on&#8221; _builder_version=&#8221;3.16&#8243; form_field_text_color=&#8221;#7a7a7a&#8221; global_colors_info=&#8221;{}&#8221; button_text_size__hover_enabled=&#8221;off&#8221; button_one_text_size__hover_enabled=&#8221;off&#8221; button_two_text_size__hover_enabled=&#8221;off&#8221; button_text_color__hover_enabled=&#8221;off&#8221; button_one_text_color__hover_enabled=&#8221;off&#8221; button_two_text_color__hover_enabled=&#8221;off&#8221; button_border_width__hover_enabled=&#8221;off&#8221; button_one_border_width__hover_enabled=&#8221;off&#8221; button_two_border_width__hover_enabled=&#8221;off&#8221; button_border_color__hover_enabled=&#8221;off&#8221; button_one_border_color__hover_enabled=&#8221;off&#8221; button_two_border_color__hover_enabled=&#8221;off&#8221; button_border_radius__hover_enabled=&#8221;off&#8221; button_one_border_radius__hover_enabled=&#8221;off&#8221; button_two_border_radius__hover_enabled=&#8221;off&#8221; button_letter_spacing__hover_enabled=&#8221;off&#8221; button_one_letter_spacing__hover_enabled=&#8221;off&#8221; button_two_letter_spacing__hover_enabled=&#8221;off&#8221; button_bg_color__hover_enabled=&#8221;off&#8221; button_one_bg_color__hover_enabled=&#8221;off&#8221; button_two_bg_color__hover_enabled=&#8221;off&#8221;][\/et_pb_contact_field][et_pb_contact_field field_id=&#8221;Email&#8221; field_title=&#8221;Email adres&#8221; field_type=&#8221;email&#8221; fullwidth_field=&#8221;on&#8221; _builder_version=&#8221;3.16&#8243; form_field_text_color=&#8221;#7a7a7a&#8221; global_colors_info=&#8221;{}&#8221; button_text_size__hover_enabled=&#8221;off&#8221; button_one_text_size__hover_enabled=&#8221;off&#8221; button_two_text_size__hover_enabled=&#8221;off&#8221; button_text_color__hover_enabled=&#8221;off&#8221; button_one_text_color__hover_enabled=&#8221;off&#8221; button_two_text_color__hover_enabled=&#8221;off&#8221; button_border_width__hover_enabled=&#8221;off&#8221; button_one_border_width__hover_enabled=&#8221;off&#8221; button_two_border_width__hover_enabled=&#8221;off&#8221; button_border_color__hover_enabled=&#8221;off&#8221; button_one_border_color__hover_enabled=&#8221;off&#8221; button_two_border_color__hover_enabled=&#8221;off&#8221; button_border_radius__hover_enabled=&#8221;off&#8221; button_one_border_radius__hover_enabled=&#8221;off&#8221; button_two_border_radius__hover_enabled=&#8221;off&#8221; button_letter_spacing__hover_enabled=&#8221;off&#8221; button_one_letter_spacing__hover_enabled=&#8221;off&#8221; button_two_letter_spacing__hover_enabled=&#8221;off&#8221; button_bg_color__hover_enabled=&#8221;off&#8221; button_one_bg_color__hover_enabled=&#8221;off&#8221; button_two_bg_color__hover_enabled=&#8221;off&#8221;][\/et_pb_contact_field][et_pb_contact_field field_id=&#8221;Boodschap&#8221; field_title=&#8221;Boodschap&#8221; field_type=&#8221;text&#8221; fullwidth_field=&#8221;on&#8221; _builder_version=&#8221;3.16&#8243; form_field_text_color=&#8221;#7a7a7a&#8221; global_colors_info=&#8221;{}&#8221; button_text_size__hover_enabled=&#8221;off&#8221; button_one_text_size__hover_enabled=&#8221;off&#8221; button_two_text_size__hover_enabled=&#8221;off&#8221; button_text_color__hover_enabled=&#8221;off&#8221; button_one_text_color__hover_enabled=&#8221;off&#8221; button_two_text_color__hover_enabled=&#8221;off&#8221; button_border_width__hover_enabled=&#8221;off&#8221; button_one_border_width__hover_enabled=&#8221;off&#8221; button_two_border_width__hover_enabled=&#8221;off&#8221; button_border_color__hover_enabled=&#8221;off&#8221; button_one_border_color__hover_enabled=&#8221;off&#8221; button_two_border_color__hover_enabled=&#8221;off&#8221; button_border_radius__hover_enabled=&#8221;off&#8221; button_one_border_radius__hover_enabled=&#8221;off&#8221; button_two_border_radius__hover_enabled=&#8221;off&#8221; button_letter_spacing__hover_enabled=&#8221;off&#8221; button_one_letter_spacing__hover_enabled=&#8221;off&#8221; button_two_letter_spacing__hover_enabled=&#8221;off&#8221; button_bg_color__hover_enabled=&#8221;off&#8221; button_one_bg_color__hover_enabled=&#8221;off&#8221; button_two_bg_color__hover_enabled=&#8221;off&#8221;][\/et_pb_contact_field][\/et_pb_contact_form][\/et_pb_column][\/et_pb_row][et_pb_row _builder_version=&#8221;3.25&#8243; background_size=&#8221;initial&#8221; background_position=&#8221;top_left&#8221; background_repeat=&#8221;repeat&#8221; custom_margin=&#8221;39px||0px|&#8221; custom_padding=&#8221;1px||0px|&#8221; global_colors_info=&#8221;{}&#8221;][et_pb_column type=&#8221;4_4&#8243; _builder_version=&#8221;3.25&#8243; custom_padding=&#8221;|||&#8221; global_colors_info=&#8221;{}&#8221; custom_padding__hover=&#8221;|||&#8221;][et_pb_text admin_label=&#8221;Footer credits&#8221; module_id=&#8221;footerlinks&#8221; _builder_version=&#8221;4.10.7&#8243; text_text_color=&#8221;#FFFFFF&#8221; text_font_size=&#8221;12px&#8221; text_orientation=&#8221;center&#8221; global_colors_info=&#8221;{}&#8221;]<\/p>\n<p>Foto&#8217;s: <a href=\"https:\/\/photomarianne.jimdofree.com\/\" target=\"_blank\" rel=\"noopener noreferrer\">Marianne Peyffers<\/a>, <a href=\"https:\/\/be.linkedin.com\/in\/eddy-willems-6367167\" target=\"_blank\" rel=\"noopener noreferrer\">Eddy Willems<\/a>,\u00a0<a href=\"https:\/\/artlab-11.be\/\" target=\"_blank\" rel=\"noopener noreferrer\">Jaak van Hemelryck<\/a>,\u00a0<a href=\"https:\/\/be.linkedin.com\/in\/eddy-willems-6367167\" target=\"_blank\" rel=\"noopener noreferrer\">Maxim Stevens<\/a>,\u00a0Website <a href=\"mailto:suzannedom@gmail.com\" target=\"_blank\" rel=\"noopener noreferrer\">suus<\/a><br \/>Copyright 2022 Alma de L\u00e1grimas<\/p>\n<p>[\/et_pb_text][\/et_pb_column][\/et_pb_row][\/et_pb_section]<\/p>","protected":false},"excerpt":{"rendered":"<p>InfoWim Cops Wim Cops studeerde af als Flamenco-gitarist onder leiding van Paco Pe\u00f1a aan het conservatorium van Rotterdam.\u00a0Verder\u00a0kreeg hij\u00a0les\u00a0van Ricardo Mendeville,\u00a0Hans van Gogh en volgde\u00a0masterclasses bij o.a. Paco Serrano en Manolo Franco.\u00a0Aan \u201cde Til\u201d, Hogeschool voor Pop en Rock in Antwerpen,\u00a0studeerde hij\u00a0elektrische gitaar.\u00a0Hij volgde verschillende internationale stages voor klassieke gitaar\u00a0bij Raphaella Smits, Bram Uten en [&hellip;]<\/p>","protected":false},"author":1,"featured_media":0,"parent":0,"menu_order":0,"comment_status":"closed","ping_status":"closed","template":"","meta":{"_et_pb_use_builder":"on","_et_pb_old_content":"","_et_gb_content_width":"","footnotes":""},"class_list":["post-13","page","type-page","status-publish","hentry"],"aioseo_notices":[],"_links":{"self":[{"href":"https:\/\/almadelagrimas.com\/es\/wp-json\/wp\/v2\/pages\/13","targetHints":{"allow":["GET"]}}],"collection":[{"href":"https:\/\/almadelagrimas.com\/es\/wp-json\/wp\/v2\/pages"}],"about":[{"href":"https:\/\/almadelagrimas.com\/es\/wp-json\/wp\/v2\/types\/page"}],"author":[{"embeddable":true,"href":"https:\/\/almadelagrimas.com\/es\/wp-json\/wp\/v2\/users\/1"}],"replies":[{"embeddable":true,"href":"https:\/\/almadelagrimas.com\/es\/wp-json\/wp\/v2\/comments?post=13"}],"version-history":[{"count":71,"href":"https:\/\/almadelagrimas.com\/es\/wp-json\/wp\/v2\/pages\/13\/revisions"}],"predecessor-version":[{"id":1791,"href":"https:\/\/almadelagrimas.com\/es\/wp-json\/wp\/v2\/pages\/13\/revisions\/1791"}],"wp:attachment":[{"href":"https:\/\/almadelagrimas.com\/es\/wp-json\/wp\/v2\/media?parent=13"}],"curies":[{"name":"wp","href":"https:\/\/api.w.org\/{rel}","templated":true}]}}