{"id":13,"date":"2018-05-01T08:33:29","date_gmt":"2018-05-01T07:33:29","guid":{"rendered":"http:\/\/www.almadelagrimas.com\/?page_id=13"},"modified":"2022-02-09T07:11:59","modified_gmt":"2022-02-09T07:11:59","slug":"info","status":"publish","type":"page","link":"https:\/\/almadelagrimas.com\/fr\/info\/","title":{"rendered":"Info"},"content":{"rendered":"<p>[et_pb_section fb_built=&#8221;1&#8243; _builder_version=&#8221;4.9.0&#8243; background_image=&#8221;\/\/i0.wp.com\/almadelagrimas.com\/wp-content\/uploads\/2021\/02\/achtergrondnew.jpg&#8221; background_position=&#8221;top_center&#8221; custom_padding=&#8221;107px|0px|107px|0px|true|false&#8221; animation_style=&#8221;fade&#8221; da_disable_devices=&#8221;off|off|off&#8221; global_colors_info=&#8221;{}&#8221; da_is_popup=&#8221;off&#8221; da_exit_intent=&#8221;off&#8221; da_has_close=&#8221;on&#8221; da_alt_close=&#8221;off&#8221; da_dark_close=&#8221;off&#8221; da_not_modal=&#8221;on&#8221; da_is_singular=&#8221;off&#8221; da_with_loader=&#8221;off&#8221; da_has_shadow=&#8221;on&#8221;][et_pb_row _builder_version=&#8221;3.25&#8243; background_size=&#8221;initial&#8221; background_position=&#8221;top_left&#8221; background_repeat=&#8221;repeat&#8221; custom_margin=&#8221;-23px|||&#8221; custom_padding=&#8221;0|0px|75px|0px|false|false&#8221; global_colors_info=&#8221;{}&#8221;][et_pb_column type=&#8221;4_4&#8243; _builder_version=&#8221;3.25&#8243; custom_padding=&#8221;|||&#8221; global_colors_info=&#8221;{}&#8221; custom_padding__hover=&#8221;|||&#8221;][et_pb_text admin_label=&#8221;Titel&#8221; _builder_version=&#8221;4.9.0&#8243; text_font=&#8221;Cheap_Pine_Sans|||on|||||&#8221; text_text_color=&#8221;#FFFFFF&#8221; text_font_size=&#8221;55px&#8221; text_orientation=&#8221;center&#8221; global_colors_info=&#8221;{}&#8221;]<\/p>\n<p>Info<\/p>\n<p>[\/et_pb_text][\/et_pb_column][\/et_pb_row][\/et_pb_section][et_pb_section fb_built=&#8221;1&#8243; _builder_version=&#8221;4.10.7&#8243; background_color=&#8221;#FFFFFF&#8221; background_image=&#8221;\/\/i0.wp.com\/almadelagrimas.com\/wp-content\/uploads\/2022\/02\/paperbg.png&#8221; background_size=&#8221;initial&#8221; background_repeat=&#8221;repeat&#8221; custom_padding=&#8221;76px|0px|74px|0px|false|false&#8221; da_disable_devices=&#8221;off|off|off&#8221; global_colors_info=&#8221;{}&#8221; da_is_popup=&#8221;off&#8221; da_exit_intent=&#8221;off&#8221; da_has_close=&#8221;on&#8221; da_alt_close=&#8221;off&#8221; da_dark_close=&#8221;off&#8221; da_not_modal=&#8221;on&#8221; da_is_singular=&#8221;off&#8221; da_with_loader=&#8221;off&#8221; da_has_shadow=&#8221;on&#8221;][et_pb_row column_structure=&#8221;3_5,2_5&#8243; make_equal=&#8221;on&#8221; disabled_on=&#8221;off|off|off&#8221; _builder_version=&#8221;4.9.0&#8243; background_size=&#8221;initial&#8221; background_position=&#8221;top_left&#8221; background_repeat=&#8221;repeat&#8221; custom_padding=&#8221;22.4688px|0px|16px|0px|false|false&#8221; global_colors_info=&#8221;{}&#8221;][et_pb_column type=&#8221;3_5&#8243; _builder_version=&#8221;3.25&#8243; custom_padding=&#8221;|||&#8221; global_colors_info=&#8221;{}&#8221; custom_padding__hover=&#8221;|||&#8221;][et_pb_text admin_label=&#8221;Bio Wim&#8221; _builder_version=&#8221;4.9.0&#8243; header_3_text_color=&#8221;#000000&#8243; global_colors_info=&#8221;{}&#8221;]<\/p>\n<h3>Wim Cops<\/h3>\n<p>Wim Cops a obtenu son dipl\u00f4me de guitariste Flamenco au Conservatoire de Rotterdam sous la direction de Paco Pe\u00f1a. Par la suite, il a re\u00e7u des le\u00e7ons sous l\u2019\u00e9gide de Ricardo Mendeville, Hans van Gogh et a suivi les classes de ma\u00eetrise aupr\u00e8s de Paco Serrano et de Manomo Franco. Il a \u00e9tudi\u00e9 la guitare \u00e9lectrique pour Pop et Rock \u00e0 l\u2019\u00e9cole sup\u00e9rieure 'de Til' \u00e0 Anvers. Il a \u00e9galement particip\u00e9 \u00e0 diff\u00e9rents stages internationaux de guitare classique avec Raphaella Smits, Bram Uten et Adrien Brogna.<\/p>\n<p>Wim a travaill\u00e9 en \u00e9troite collaboration avec diff\u00e9rents artistes tels que Martine Haessen (danse), Samina Carremans (la pr\u00e9sentation \u00ab Villa Flamenco \u00bb avec entre autres Federico Ordo\u00f1ez et Alexander Gavilan), Elise De Vliegher (Guitarra y Cante), \u2026<\/p>\n<p>En plus de sa performance de guitariste soliste, il a partag\u00e9 le podium avec Sylvie Marie, Leonard Nolens et Veerle Philippaerts comme accompagnateur de narrations.<\/p>\n<p>En tant que compositeur, Wim Cops a \u00e9crit des pi\u00e8ces pour guitare solo, pour ensemble (Alma de L\u00e1grimas) et des musiques pour accompagner des po\u00e9sies et des narrations ou des histoires courtes.<\/p>\n<p>En collaboration avec Ruben Appermont, il a cr\u00e9\u00e9 Alma de L\u00e1grimas, un mix de compositions personnelles avec des influences pr\u00e9pond\u00e9rantes Espagnoles et Sud-Am\u00e9ricaines.<\/p>\n<p>Comme professeur il est attach\u00e9 aux acad\u00e9mies de Dilsen-Stokkem et Lanaken.<\/p>\n<div>\n<p><span style=\"font-size: 15px;\"><\/span><\/p>\n<\/div>\n<p>[\/et_pb_text][\/et_pb_column][et_pb_column type=&#8221;2_5&#8243; _builder_version=&#8221;3.25&#8243; custom_padding=&#8221;|||&#8221; global_colors_info=&#8221;{}&#8221; custom_padding__hover=&#8221;|||&#8221;][et_pb_image src=&#8221;\/\/i0.wp.com\/almadelagrimas.com\/wp-content\/uploads\/2021\/02\/wimportret.jpg&#8221; title_text=&#8221;wimportret&#8221; align_tablet=&#8221;center&#8221; align_phone=&#8221;&#8221; align_last_edited=&#8221;on|desktop&#8221; admin_label=&#8221;Foto Wim&#8221; _builder_version=&#8221;4.9.0&#8243; custom_margin=&#8221;9px|||&#8221; global_colors_info=&#8221;{}&#8221;][\/et_pb_image][\/et_pb_column][\/et_pb_row][et_pb_row column_structure=&#8221;2_5,3_5&#8243; make_equal=&#8221;on&#8221; _builder_version=&#8221;3.25&#8243; background_size=&#8221;initial&#8221; background_position=&#8221;top_left&#8221; background_repeat=&#8221;repeat&#8221; custom_padding=&#8221;54px|0px|22.4688px|0px|false|false&#8221; global_colors_info=&#8221;{}&#8221;][et_pb_column type=&#8221;2_5&#8243; _builder_version=&#8221;3.25&#8243; custom_padding=&#8221;|||&#8221; global_colors_info=&#8221;{}&#8221; custom_padding__hover=&#8221;|||&#8221;][et_pb_image src=&#8221;\/\/i0.wp.com\/almadelagrimas.com\/wp-content\/uploads\/2021\/02\/rubenportret.jpg&#8221; title_text=&#8221;rubenportret&#8221; align_tablet=&#8221;center&#8221; align_phone=&#8221;&#8221; align_last_edited=&#8221;on|desktop&#8221; admin_label=&#8221;Foto Ruben&#8221; _builder_version=&#8221;4.9.0&#8243; custom_margin=&#8221;9px|||&#8221; global_colors_info=&#8221;{}&#8221;][\/et_pb_image][\/et_pb_column][et_pb_column type=&#8221;3_5&#8243; _builder_version=&#8221;3.25&#8243; custom_padding=&#8221;|||&#8221; global_colors_info=&#8221;{}&#8221; custom_padding__hover=&#8221;|||&#8221;][et_pb_text admin_label=&#8221;Bio Ruben&#8221; _builder_version=&#8221;4.9.0&#8243; header_3_text_color=&#8221;#000000&#8243; global_colors_info=&#8221;{}&#8221;]<\/p>\n<h3>Ruben Appermont<\/h3>\n<p>Ruben est dipl\u00f4m\u00e9 au Conservatoire d\u2019Anvers aupr\u00e8s de Lode Leire. Il a suivi les classes de ma\u00eetrise chez Franco Petracchi et Thomas Martin ainsi que des stages de jazz chez Nicolas Thys et Piet Verbist.<\/p>\n<p>Contrebassiste polyvalent, il s\u2019engage encore dans des projets tr\u00e8s divers et tout azimut. Avec son compagnon, le guitariste flamenco Wim Cops, il cr\u00e9e le collectif Alma de L\u00e1grimas. Il travaille r\u00e9guli\u00e8rement en tant qu\u2019invit\u00e9 et musicien de studio avec, entre autres, l\u2019Orchestre National, l\u2019 Op\u00e9ra Flamand, Het Toneelhuis et le bandon\u00e9oniste Alfred Marcucci, le chansonnier Charles Dumont et de nombreux artistes flamands.<\/p>\n<p class=\"translation-block\">Il a pr\u00eat\u00e9 ses services \u00e0 des dizaines d\u2019enregistrements de cd-, dvd- et t\u00e9l\u00e9vis\u00e9s comme Scala, Il Novecento, Jef Neve, diff\u00e9rentes musiques de film ainsi qu\u2019\u00e0 Wim Mertens pour lequel il joue r\u00e9guli\u00e8rement. <\/br><\/br>\nRuben a cr\u00e9\u00e9 avec l\u2019\u00e9crivain Stijn Moekaars diff\u00e9rentes productions musicales-th\u00e9\u00e2trales pour enfants. Cela a abouti \u00e0 un livre pour enfants magnifiquement illustr\u00e9 par les \u00e9ditions Clavis : \u00ab TA-BOE! Stoute liedjes voor lieve kinderen \u00bb.<\/p>\n<p>Comme compositeur, Ruben a \u00e9crit diff\u00e9rentes oeuvres pour orchestre, pour la Compagnie Op\u00e9rettes d\u2019Hasselt, pour contrebasse, etc\u2026 Il a compos\u00e9 \u00e9galement des miniatures pour entre autres la m\u00e9lodie horaire du carillon de Genk et la cuv\u00e9e exclusive 'A Tempo' du Domaine P\u00e9gau de Ch\u00e2teauneuf-du-Pape.<\/br><\/br>\nRuben donne cours \u00e0 l\u2019acad\u00e9mie de Dilsen-Stokkem et aux Humanit\u00e9s Culturelles de Bruxelles.<\/p>\n<p>[\/et_pb_text][\/et_pb_column][\/et_pb_row][\/et_pb_section][et_pb_section fb_built=&#8221;1&#8243; module_id=&#8221;contact&#8221; _builder_version=&#8221;4.10.7&#8243; background_color=&#8221;#191919&#8243; background_image=&#8221;\/\/i0.wp.com\/almadelagrimas.com\/wp-content\/uploads\/2022\/02\/vloer2.jpg&#8221; background_size=&#8221;initial&#8221; background_position=&#8221;bottom_center&#8221; background_blend=&#8221;lighten&#8221; custom_padding=&#8221;62px|0px|25.3906px|0px|false|false&#8221; da_disable_devices=&#8221;off|off|off&#8221; global_colors_info=&#8221;{}&#8221; global_module=&#8221;1788&#8243; da_is_popup=&#8221;off&#8221; da_exit_intent=&#8221;off&#8221; da_has_close=&#8221;on&#8221; da_alt_close=&#8221;off&#8221; da_dark_close=&#8221;off&#8221; da_not_modal=&#8221;on&#8221; da_is_singular=&#8221;off&#8221; da_with_loader=&#8221;off&#8221; da_has_shadow=&#8221;on&#8221;][et_pb_row column_structure=&#8221;1_2,1_2&#8243; _builder_version=&#8221;4.9.0&#8243; background_size=&#8221;initial&#8221; background_position=&#8221;top_left&#8221; background_repeat=&#8221;repeat&#8221; global_colors_info=&#8221;{}&#8221;][et_pb_column type=&#8221;1_2&#8243; module_class=&#8221;ds-vertical-align&#8221; _builder_version=&#8221;4.9.0&#8243; custom_padding=&#8221;|||&#8221; global_colors_info=&#8221;{}&#8221; custom_padding__hover=&#8221;|||&#8221;][et_pb_text admin_label=&#8221;Contact&#8221; module_id=&#8221;contactlinks&#8221; _builder_version=&#8221;4.10.7&#8243; text_font=&#8221;Cheap_Pine_Sans|||on|||||&#8221; text_text_color=&#8221;#FFFFFF&#8221; text_font_size=&#8221;50px&#8221; header_text_color=&#8221;#f4ecd2&#8243; background_repeat=&#8221;repeat&#8221; custom_margin=&#8221;||48px||false|false&#8221; global_colors_info=&#8221;{}&#8221;]<\/p>\n<p>Contact<\/p>\n<p>[\/et_pb_text][et_pb_text admin_label=&#8221;Contact&#8221; module_id=&#8221;contactlinks&#8221; _builder_version=&#8221;4.10.7&#8243; text_font=&#8221;||||||||&#8221; text_text_color=&#8221;#FFFFFF&#8221; text_font_size=&#8221;16px&#8221; header_text_color=&#8221;#f4ecd2&#8243; background_repeat=&#8221;repeat&#8221; custom_margin=&#8221;||48px||false|false&#8221; global_colors_info=&#8221;{}&#8221;]<\/p>\n<p><span style=\"color: #ffffff;\"><strong>Info:<\/strong> <a target=\"_top\" href=\"mailto:info@almadelagrimas.com\" rel=\"noopener\" style=\"color: #ffffff;\">info@almadelagrimas.com<\/a><\/span><br \/><span style=\"color: #ffffff;\"><strong>Booking:\u00a0<\/strong><a target=\"_top\" href=\"mailto:laetitia@cigalleproductions.com\" rel=\"noopener\" style=\"color: #ffffff;\">laetitia@cigalleproductions.com<\/a><\/span><\/p>\n<p>[\/et_pb_text][et_pb_social_media_follow icon_color=&#8221;#280700&#8243; module_class=&#8221;colored-icons&#8221; _builder_version=&#8221;4.10.7&#8243; background_color=&#8221;RGBA(0,0,0,0)&#8221; global_colors_info=&#8221;{}&#8221;][et_pb_social_media_follow_network social_network=&#8221;facebook&#8221; url=&#8221;https:\/\/www.facebook.com\/almadelagrimas&#8221; _builder_version=&#8221;4.10.7&#8243; background_color=&#8221;#FFFFFF&#8221; background_enable_color=&#8221;on&#8221; border_radii=&#8221;on|0px|0px|0px|0px&#8221; global_colors_info=&#8221;{}&#8221; background__hover_enabled=&#8221;on|hover&#8221; background_color__hover=&#8221;#E35453&#8243; background_enable_color__hover=&#8221;on&#8221; follow_button=&#8221;off&#8221; url_new_window=&#8221;on&#8221;]<\/p>\n<p>Facebook<\/p>\n<p>[\/et_pb_social_media_follow_network][et_pb_social_media_follow_network social_network=&#8221;instagram&#8221; url=&#8221;https:\/\/www.instagram.com\/almadelagrimas&#8221; _builder_version=&#8221;4.10.7&#8243; background_color=&#8221;#FFFFFF&#8221; background_enable_color=&#8221;on&#8221; border_radii=&#8221;on|0px|0px|0px|0px&#8221; global_colors_info=&#8221;{}&#8221; background__hover_enabled=&#8221;on|hover&#8221; background_color__hover=&#8221;#E35453&#8243; background_enable_color__hover=&#8221;on&#8221; follow_button=&#8221;off&#8221; url_new_window=&#8221;on&#8221;]<\/p>\n<p>Instagram<\/p>\n<p>[\/et_pb_social_media_follow_network][\/et_pb_social_media_follow][et_pb_button button_url=&#8221;https:\/\/eepurl.com\/dvj8Ab&#8221; url_new_window=&#8221;on&#8221; button_text=&#8221;Ontvang onze nieuwsbrief&#8221; admin_label=&#8221;Nieuwsbrief button&#8221; _builder_version=&#8221;4.10.7&#8243; custom_button=&#8221;on&#8221; button_text_color=&#8221;#FFFFFF&#8221; button_bg_color=&#8221;RGBA(0,0,0,0)&#8221; button_border_color=&#8221;#FFFFFF&#8221; button_text_color_hover=&#8221;#d2c18b&#8221; button_border_color_hover=&#8221;#d2c18b&#8221; global_colors_info=&#8221;{}&#8221; button_text_size__hover_enabled=&#8221;off&#8221; button_text_size__hover=&#8221;null&#8221; button_one_text_size__hover_enabled=&#8221;off&#8221; button_one_text_size__hover=&#8221;null&#8221; button_two_text_size__hover_enabled=&#8221;off&#8221; button_two_text_size__hover=&#8221;null&#8221; button_text_color__hover_enabled=&#8221;on|hover&#8221; button_text_color__hover=&#8221;#E35453&#8243; button_one_text_color__hover_enabled=&#8221;off&#8221; button_one_text_color__hover=&#8221;null&#8221; button_two_text_color__hover_enabled=&#8221;off&#8221; button_two_text_color__hover=&#8221;null&#8221; button_border_width__hover_enabled=&#8221;off&#8221; button_border_width__hover=&#8221;null&#8221; button_one_border_width__hover_enabled=&#8221;off&#8221; button_one_border_width__hover=&#8221;null&#8221; button_two_border_width__hover_enabled=&#8221;off&#8221; button_two_border_width__hover=&#8221;null&#8221; button_border_color__hover_enabled=&#8221;on|hover&#8221; button_border_color__hover=&#8221;#E35453&#8243; button_one_border_color__hover_enabled=&#8221;off&#8221; button_one_border_color__hover=&#8221;null&#8221; button_two_border_color__hover_enabled=&#8221;off&#8221; button_two_border_color__hover=&#8221;null&#8221; button_border_radius__hover_enabled=&#8221;off&#8221; button_border_radius__hover=&#8221;null&#8221; button_one_border_radius__hover_enabled=&#8221;off&#8221; button_one_border_radius__hover=&#8221;null&#8221; button_two_border_radius__hover_enabled=&#8221;off&#8221; button_two_border_radius__hover=&#8221;null&#8221; button_letter_spacing__hover_enabled=&#8221;off&#8221; button_letter_spacing__hover=&#8221;null&#8221; button_one_letter_spacing__hover_enabled=&#8221;off&#8221; button_one_letter_spacing__hover=&#8221;null&#8221; button_two_letter_spacing__hover_enabled=&#8221;off&#8221; button_two_letter_spacing__hover=&#8221;null&#8221; button_bg_color__hover_enabled=&#8221;off&#8221; button_bg_color__hover=&#8221;null&#8221; button_one_bg_color__hover_enabled=&#8221;off&#8221; button_one_bg_color__hover=&#8221;null&#8221; button_two_bg_color__hover_enabled=&#8221;off&#8221; button_two_bg_color__hover=&#8221;null&#8221;]<\/p>\n<p>\u00a0<\/p>\n<p>[\/et_pb_button][\/et_pb_column][et_pb_column type=&#8221;1_2&#8243; module_class=&#8221;ds-vertical-align&#8221; _builder_version=&#8221;4.9.0&#8243; custom_padding=&#8221;|||&#8221; global_colors_info=&#8221;{}&#8221; custom_padding__hover=&#8221;|||&#8221;][et_pb_contact_form captcha=&#8221;off&#8221; email=&#8221;info@almadelagrimas.com&#8221; success_message=&#8221;Bedankt, het bericht werd verstuurd. We nemen zo snel mogelijk contact met u op.&#8221; submit_button_text=&#8221;Verstuur&#8221; module_id=&#8221;et_pb_contact_form_0&#8243; _builder_version=&#8221;4.10.7&#8243; form_field_background_color=&#8221;#FFFFFF&#8221; form_field_text_color=&#8221;#f4ecd2&#8243; custom_button=&#8221;on&#8221; button_text_color=&#8221;#FFFFFF&#8221; button_border_color=&#8221;#FFFFFF&#8221; button_use_icon=&#8221;off&#8221; custom_css_contact_button=&#8221;margin-top:20px;&#8221; form_background_color=&#8221;#f4ecd2&#8243; global_colors_info=&#8221;{}&#8221; button_border_color__hover_enabled=&#8221;on|hover&#8221; button_text_size__hover_enabled=&#8221;off|hover&#8221; button_border_color__hover=&#8221;#E35453&#8243; button_text_color__hover_enabled=&#8221;on|hover&#8221; button_text_color__hover=&#8221;#E35453&#8243; button_text_color_hover=&#8221;#d2c18b&#8221; button_border_color_hover=&#8221;#d2c18b&#8221;][et_pb_contact_field field_id=&#8221;Naam&#8221; field_title=&#8221;Naam&#8221; fullwidth_field=&#8221;on&#8221; _builder_version=&#8221;3.16&#8243; form_field_text_color=&#8221;#7a7a7a&#8221; global_colors_info=&#8221;{}&#8221; button_text_size__hover_enabled=&#8221;off&#8221; button_one_text_size__hover_enabled=&#8221;off&#8221; button_two_text_size__hover_enabled=&#8221;off&#8221; button_text_color__hover_enabled=&#8221;off&#8221; button_one_text_color__hover_enabled=&#8221;off&#8221; button_two_text_color__hover_enabled=&#8221;off&#8221; button_border_width__hover_enabled=&#8221;off&#8221; button_one_border_width__hover_enabled=&#8221;off&#8221; button_two_border_width__hover_enabled=&#8221;off&#8221; button_border_color__hover_enabled=&#8221;off&#8221; button_one_border_color__hover_enabled=&#8221;off&#8221; button_two_border_color__hover_enabled=&#8221;off&#8221; button_border_radius__hover_enabled=&#8221;off&#8221; button_one_border_radius__hover_enabled=&#8221;off&#8221; button_two_border_radius__hover_enabled=&#8221;off&#8221; button_letter_spacing__hover_enabled=&#8221;off&#8221; button_one_letter_spacing__hover_enabled=&#8221;off&#8221; button_two_letter_spacing__hover_enabled=&#8221;off&#8221; button_bg_color__hover_enabled=&#8221;off&#8221; button_one_bg_color__hover_enabled=&#8221;off&#8221; button_two_bg_color__hover_enabled=&#8221;off&#8221;][\/et_pb_contact_field][et_pb_contact_field field_id=&#8221;Email&#8221; field_title=&#8221;Email adres&#8221; field_type=&#8221;email&#8221; fullwidth_field=&#8221;on&#8221; _builder_version=&#8221;3.16&#8243; form_field_text_color=&#8221;#7a7a7a&#8221; global_colors_info=&#8221;{}&#8221; button_text_size__hover_enabled=&#8221;off&#8221; button_one_text_size__hover_enabled=&#8221;off&#8221; button_two_text_size__hover_enabled=&#8221;off&#8221; button_text_color__hover_enabled=&#8221;off&#8221; button_one_text_color__hover_enabled=&#8221;off&#8221; button_two_text_color__hover_enabled=&#8221;off&#8221; button_border_width__hover_enabled=&#8221;off&#8221; button_one_border_width__hover_enabled=&#8221;off&#8221; button_two_border_width__hover_enabled=&#8221;off&#8221; button_border_color__hover_enabled=&#8221;off&#8221; button_one_border_color__hover_enabled=&#8221;off&#8221; button_two_border_color__hover_enabled=&#8221;off&#8221; button_border_radius__hover_enabled=&#8221;off&#8221; button_one_border_radius__hover_enabled=&#8221;off&#8221; button_two_border_radius__hover_enabled=&#8221;off&#8221; button_letter_spacing__hover_enabled=&#8221;off&#8221; button_one_letter_spacing__hover_enabled=&#8221;off&#8221; button_two_letter_spacing__hover_enabled=&#8221;off&#8221; button_bg_color__hover_enabled=&#8221;off&#8221; button_one_bg_color__hover_enabled=&#8221;off&#8221; button_two_bg_color__hover_enabled=&#8221;off&#8221;][\/et_pb_contact_field][et_pb_contact_field field_id=&#8221;Boodschap&#8221; field_title=&#8221;Boodschap&#8221; field_type=&#8221;text&#8221; fullwidth_field=&#8221;on&#8221; _builder_version=&#8221;3.16&#8243; form_field_text_color=&#8221;#7a7a7a&#8221; global_colors_info=&#8221;{}&#8221; button_text_size__hover_enabled=&#8221;off&#8221; button_one_text_size__hover_enabled=&#8221;off&#8221; button_two_text_size__hover_enabled=&#8221;off&#8221; button_text_color__hover_enabled=&#8221;off&#8221; button_one_text_color__hover_enabled=&#8221;off&#8221; button_two_text_color__hover_enabled=&#8221;off&#8221; button_border_width__hover_enabled=&#8221;off&#8221; button_one_border_width__hover_enabled=&#8221;off&#8221; button_two_border_width__hover_enabled=&#8221;off&#8221; button_border_color__hover_enabled=&#8221;off&#8221; button_one_border_color__hover_enabled=&#8221;off&#8221; button_two_border_color__hover_enabled=&#8221;off&#8221; button_border_radius__hover_enabled=&#8221;off&#8221; button_one_border_radius__hover_enabled=&#8221;off&#8221; button_two_border_radius__hover_enabled=&#8221;off&#8221; button_letter_spacing__hover_enabled=&#8221;off&#8221; button_one_letter_spacing__hover_enabled=&#8221;off&#8221; button_two_letter_spacing__hover_enabled=&#8221;off&#8221; button_bg_color__hover_enabled=&#8221;off&#8221; button_one_bg_color__hover_enabled=&#8221;off&#8221; button_two_bg_color__hover_enabled=&#8221;off&#8221;][\/et_pb_contact_field][\/et_pb_contact_form][\/et_pb_column][\/et_pb_row][et_pb_row _builder_version=&#8221;3.25&#8243; background_size=&#8221;initial&#8221; background_position=&#8221;top_left&#8221; background_repeat=&#8221;repeat&#8221; custom_margin=&#8221;39px||0px|&#8221; custom_padding=&#8221;1px||0px|&#8221; global_colors_info=&#8221;{}&#8221;][et_pb_column type=&#8221;4_4&#8243; _builder_version=&#8221;3.25&#8243; custom_padding=&#8221;|||&#8221; global_colors_info=&#8221;{}&#8221; custom_padding__hover=&#8221;|||&#8221;][et_pb_text admin_label=&#8221;Footer credits&#8221; module_id=&#8221;footerlinks&#8221; _builder_version=&#8221;4.10.7&#8243; text_text_color=&#8221;#FFFFFF&#8221; text_font_size=&#8221;12px&#8221; text_orientation=&#8221;center&#8221; global_colors_info=&#8221;{}&#8221;]<\/p>\n<p>Foto&#8217;s: <a href=\"https:\/\/photomarianne.jimdofree.com\/\" target=\"_blank\" rel=\"noopener noreferrer\">Marianne Peyffers<\/a>, <a href=\"https:\/\/be.linkedin.com\/in\/eddy-willems-6367167\" target=\"_blank\" rel=\"noopener noreferrer\">Eddy Willems<\/a>,\u00a0<a href=\"https:\/\/artlab-11.be\/\" target=\"_blank\" rel=\"noopener noreferrer\">Jaak van Hemelryck<\/a>,\u00a0<a href=\"https:\/\/be.linkedin.com\/in\/eddy-willems-6367167\" target=\"_blank\" rel=\"noopener noreferrer\">Maxim Stevens<\/a>,\u00a0Website <a href=\"mailto:suzannedom@gmail.com\" target=\"_blank\" rel=\"noopener noreferrer\">suus<\/a><br \/>Copyright 2022 Alma de L\u00e1grimas<\/p>\n<p>[\/et_pb_text][\/et_pb_column][\/et_pb_row][\/et_pb_section]<\/p>","protected":false},"excerpt":{"rendered":"<p>InfoWim Cops Wim Cops studeerde af als Flamenco-gitarist onder leiding van Paco Pe\u00f1a aan het conservatorium van Rotterdam.\u00a0Verder\u00a0kreeg hij\u00a0les\u00a0van Ricardo Mendeville,\u00a0Hans van Gogh en volgde\u00a0masterclasses bij o.a. Paco Serrano en Manolo Franco.\u00a0Aan \u201cde Til\u201d, Hogeschool voor Pop en Rock in Antwerpen,\u00a0studeerde hij\u00a0elektrische gitaar.\u00a0Hij volgde verschillende internationale stages voor klassieke gitaar\u00a0bij Raphaella Smits, Bram Uten en [&hellip;]<\/p>","protected":false},"author":1,"featured_media":0,"parent":0,"menu_order":0,"comment_status":"closed","ping_status":"closed","template":"","meta":{"_et_pb_use_builder":"on","_et_pb_old_content":"","_et_gb_content_width":"","footnotes":""},"class_list":["post-13","page","type-page","status-publish","hentry"],"aioseo_notices":[],"_links":{"self":[{"href":"https:\/\/almadelagrimas.com\/fr\/wp-json\/wp\/v2\/pages\/13","targetHints":{"allow":["GET"]}}],"collection":[{"href":"https:\/\/almadelagrimas.com\/fr\/wp-json\/wp\/v2\/pages"}],"about":[{"href":"https:\/\/almadelagrimas.com\/fr\/wp-json\/wp\/v2\/types\/page"}],"author":[{"embeddable":true,"href":"https:\/\/almadelagrimas.com\/fr\/wp-json\/wp\/v2\/users\/1"}],"replies":[{"embeddable":true,"href":"https:\/\/almadelagrimas.com\/fr\/wp-json\/wp\/v2\/comments?post=13"}],"version-history":[{"count":71,"href":"https:\/\/almadelagrimas.com\/fr\/wp-json\/wp\/v2\/pages\/13\/revisions"}],"predecessor-version":[{"id":1791,"href":"https:\/\/almadelagrimas.com\/fr\/wp-json\/wp\/v2\/pages\/13\/revisions\/1791"}],"wp:attachment":[{"href":"https:\/\/almadelagrimas.com\/fr\/wp-json\/wp\/v2\/media?parent=13"}],"curies":[{"name":"wp","href":"https:\/\/api.w.org\/{rel}","templated":true}]}}