{"id":1420,"date":"2021-02-19T15:12:25","date_gmt":"2021-02-19T15:12:25","guid":{"rendered":"http:\/\/www.almadelagrimas.com\/?page_id=1420"},"modified":"2022-02-09T07:21:31","modified_gmt":"2022-02-09T07:21:31","slug":"viaje-al-sur-ensemble","status":"publish","type":"page","link":"https:\/\/almadelagrimas.com\/fr\/viaje-al-sur-ensemble\/","title":{"rendered":"Viaje al Sur Ensemble"},"content":{"rendered":"<p>[et_pb_section fb_built=&#8221;1&#8243; _builder_version=&#8221;3.26.2&#8243; background_color=&#8221;#191919&#8243; background_size=&#8221;initial&#8221; background_repeat=&#8221;repeat&#8221; custom_padding=&#8221;19px|0px|0|0px|false|false&#8221; global_colors_info=&#8221;{}&#8221; da_is_popup=&#8221;off&#8221; da_exit_intent=&#8221;off&#8221; da_has_close=&#8221;on&#8221; da_alt_close=&#8221;off&#8221; da_dark_close=&#8221;off&#8221; da_not_modal=&#8221;on&#8221; da_is_singular=&#8221;off&#8221; da_with_loader=&#8221;off&#8221; da_has_shadow=&#8221;on&#8221; da_disable_devices=&#8221;off|off|off&#8221;][et_pb_row column_structure=&#8221;2_5,3_5&#8243; use_custom_gutter=&#8221;on&#8221; gutter_width=&#8221;4&#8243; make_equal=&#8221;on&#8221; _builder_version=&#8221;4.8.2&#8243; background_size=&#8221;initial&#8221; background_position=&#8221;top_left&#8221; background_repeat=&#8221;repeat&#8221; custom_padding=&#8221;0|0px|86px|0|false|false&#8221; global_colors_info=&#8221;{}&#8221;][et_pb_column type=&#8221;2_5&#8243; module_class=&#8221;ds-vertical-align&#8221; _builder_version=&#8221;3.25&#8243; custom_padding=&#8221;|||&#8221; global_colors_info=&#8221;{}&#8221; custom_padding__hover=&#8221;|||&#8221;][et_pb_image src=&#8221;\/\/i0.wp.com\/almadelagrimas.com\/wp-content\/uploads\/2021\/02\/VASensemble_light.png&#8221; title_text=&#8221;VASensemble_light&#8221; align_tablet=&#8221;center&#8221; align_phone=&#8221;&#8221; align_last_edited=&#8221;on|desktop&#8221; admin_label=&#8221;Logo&#8221; _builder_version=&#8221;4.10.7&#8243; custom_margin=&#8221;||16px|||&#8221; hover_enabled=&#8221;0&#8243; custom_css_main_element=&#8221;max-width: 250px;&#8221; global_colors_info=&#8221;{}&#8221; filter_brightness=&#8221;155%&#8221; sticky_enabled=&#8221;0&#8243;]&nbsp;<br \/>\n[\/et_pb_image][et_pb_text content_tablet=&#8221;<\/p>\n<p style=\"%22text-align:\" center;%22 class=\"translation-block\"><text class=\"_3ziulaHePS\" direction=\"ltr\" height=\"11.6999816894531\" lengthadjust=\"spacingAndGlyphs\" textlength=\"131.099975585938\" x=\"71.0639953613281\" y=\"-332.138031005859\" data-test=\"textbox\">Wim Cops: flamencogitaar<br> <\/text><text class=\"_3ziulaHePS\" direction=\"ltr\" height=\"11.5559997558594\" lengthadjust=\"spacingAndGlyphs\" textlength=\"144.995979309082\" x=\"71.8199996948242\" y=\"-314.498016357422\" data-test=\"textbox\">Ruben Appermont: contrabas<br> <\/text><text class=\"_3ziulaHePS\" direction=\"ltr\" height=\"11.5559997558594\" lengthadjust=\"spacingAndGlyphs\" textlength=\"142.956031799316\" x=\"71.8199996948242\" y=\"-296.977996826172\" data-test=\"textbox\">Elise De Vliegher: zang \/ dans<br> <\/text><text class=\"_3ziulaHePS\" direction=\"ltr\" height=\"11.5559997558594\" lengthadjust=\"spacingAndGlyphs\" textlength=\"279.623962402344\" x=\"71.0639953613281\" y=\"-279.338012695312\" data-test=\"textbox\">Wim Cops en Ruben Appermont:<br> muziek en compositie<\/text><\/p>\n<p><\/text><\/p>\n<p style=\"%22text-align:\" center;%22><img class=\"%22wp-image-32\" alignnone size-full%22 src=\"%22https:\/\/almadelagrimas.com\/wp-content\/uploads\/2018\/05\/lijn-licht.png%22\" alt=\"%22%22\" width=\"%2259%22\" height=\"%229%22\" style=\"%22display:\" block; margin-left: auto; margin-right: auto;%22 \/><\/p>\n<p>&#8221; content_phone=&#8221;<\/p>\n<p style=\"%22text-align:\" center;%22 class=\"translation-block\"><text class=\"_3ziulaHePS\" direction=\"ltr\" height=\"11.6999816894531\" lengthadjust=\"spacingAndGlyphs\" textlength=\"131.099975585938\" x=\"71.0639953613281\" y=\"-332.138031005859\" data-test=\"textbox\">Wim Cops: flamencogitaar<br> <\/text><text class=\"_3ziulaHePS\" direction=\"ltr\" height=\"11.5559997558594\" lengthadjust=\"spacingAndGlyphs\" textlength=\"144.995979309082\" x=\"71.8199996948242\" y=\"-314.498016357422\" data-test=\"textbox\">Ruben Appermont: contrabas<br> <\/text><text class=\"_3ziulaHePS\" direction=\"ltr\" height=\"11.5559997558594\" lengthadjust=\"spacingAndGlyphs\" textlength=\"142.956031799316\" x=\"71.8199996948242\" y=\"-296.977996826172\" data-test=\"textbox\">Elise De Vliegher: zang \/ dans<br> <\/text><text class=\"_3ziulaHePS\" direction=\"ltr\" height=\"11.5559997558594\" lengthadjust=\"spacingAndGlyphs\" textlength=\"279.623962402344\" x=\"71.0639953613281\" y=\"-279.338012695312\" data-test=\"textbox\">Wim Cops en Ruben Appermont:<br> muziek en compositie<\/text><\/p>\n<p style=\"%22text-align:\" center;%22>\n<p><img class=\"%22wp-image-32\" alignnone size-full%22 src=\"%22https:\/\/almadelagrimas.com\/wp-content\/uploads\/2018\/05\/lijn-licht.png%22\" alt=\"%22%22\" width=\"%2259%22\" height=\"%229%22\" style=\"%22display:\" block; margin-left: auto; margin-right: auto;%22 \/><\/p>\n<p>&#8221; content_last_edited=&#8221;on|tablet&#8221; admin_label=&#8221;Credits&#8221; _builder_version=&#8221;4.10.7&#8243; text_text_color=&#8221;#FFFFFF&#8221; custom_margin=&#8221;9px||||false|false&#8221; custom_margin_tablet=&#8221;||26px||false|false&#8221; custom_margin_phone=&#8221;1px||||false|false&#8221; custom_margin_last_edited=&#8221;on|desktop&#8221; hover_enabled=&#8221;0&#8243; global_colors_info=&#8221;{}&#8221; sticky_enabled=&#8221;0&#8243;]<\/p>\n<p><text class=\"_3ziulaHePS\" direction=\"ltr\" height=\"11.6999816894531\" lengthadjust=\"spacingAndGlyphs\" textlength=\"131.099975585938\" x=\"71.0639953613281\" y=\"-332.138031005859\" data-test=\"textbox\">Wim Cops : guitare flamenco<br \/><\/text><text class=\"_3ziulaHePS\" direction=\"ltr\" height=\"11.5559997558594\" lengthadjust=\"spacingAndGlyphs\" textlength=\"144.995979309082\" x=\"71.8199996948242\" y=\"-314.498016357422\" data-test=\"textbox\">Ruben Appermont : contrebasse<br \/><\/text><text class=\"_3ziulaHePS\" direction=\"ltr\" height=\"11.5559997558594\" lengthadjust=\"spacingAndGlyphs\" textlength=\"142.956031799316\" x=\"71.8199996948242\" y=\"-296.977996826172\" data-test=\"textbox\">Elise De Vliegher : chant \/ danse<br \/>Phillip Bruffaerts: guitare flamenco<br \/>Bert Peyffers : percussion<br \/><\/text><text class=\"_3ziulaHePS\" direction=\"ltr\" height=\"11.5559997558594\" lengthadjust=\"spacingAndGlyphs\" textlength=\"279.623962402344\" x=\"71.0639953613281\" y=\"-279.338012695312\" data-test=\"textbox\">Wim Cops et Ruben Appermont :<br \/>musique et compositions<\/text><\/p>\n<p>[\/et_pb_text][\/et_pb_column][et_pb_column type=&#8221;3_5&#8243; module_class=&#8221;ds-vertical-align&#8221; _builder_version=&#8221;3.25&#8243; custom_padding=&#8221;|||&#8221; global_colors_info=&#8221;{}&#8221; custom_padding__hover=&#8221;|||&#8221;][et_pb_video src=&#8221;https:\/\/www.youtube.com\/watch?v=6TzsV1kXx2Q&#8221; _builder_version=&#8221;4.9.0&#8243; custom_margin=&#8221;12px|||||&#8221; global_colors_info=&#8221;{}&#8221;][\/et_pb_video][\/et_pb_column][\/et_pb_row][\/et_pb_section][et_pb_section fb_built=&#8221;1&#8243; _builder_version=&#8221;4.10.7&#8243; background_image=&#8221;https:\/\/almadelagrimas.com\/wp-content\/uploads\/2022\/02\/paperbg.png&#8221; background_size=&#8221;initial&#8221; background_repeat=&#8221;repeat&#8221; custom_padding=&#8221;43px||0||false|false&#8221; hover_enabled=&#8221;0&#8243; global_colors_info=&#8221;{}&#8221; title_text=&#8221;paperbg&#8221; sticky_enabled=&#8221;0&#8243; da_is_popup=&#8221;off&#8221; da_exit_intent=&#8221;off&#8221; da_has_close=&#8221;on&#8221; da_alt_close=&#8221;off&#8221; da_dark_close=&#8221;off&#8221; da_not_modal=&#8221;on&#8221; da_is_singular=&#8221;off&#8221; da_with_loader=&#8221;off&#8221; da_has_shadow=&#8221;on&#8221; da_disable_devices=&#8221;off|off|off&#8221;][et_pb_row _builder_version=&#8221;3.25&#8243; custom_padding=&#8221;||85px|||&#8221; global_colors_info=&#8221;{}&#8221;][et_pb_column type=&#8221;4_4&#8243; _builder_version=&#8221;3.25&#8243; custom_padding=&#8221;|||&#8221; global_colors_info=&#8221;{}&#8221; custom_padding__hover=&#8221;|||&#8221;][et_pb_text admin_label=&#8221;Titel&#8221; _builder_version=&#8221;4.9.0&#8243; text_orientation=&#8221;center&#8221; global_colors_info=&#8221;{}&#8221;]<\/p>\n<h4>&#8216;Alma de L\u00e1grimas&#8217; ensemble<\/h4>\n<p>[\/et_pb_text][et_pb_text admin_label=&#8221;Tekst&#8221; _builder_version=&#8221;4.9.0&#8243; text_font_size=&#8221;16px&#8221; text_letter_spacing=&#8221;1px&#8221; text_orientation=&#8221;center&#8221; custom_margin=&#8221;||45px|||&#8221; global_colors_info=&#8221;{}&#8221;]<\/p>\n<p>Feu d\u2019artifice entre deux guitares Flamenco, une cascade de sons et rythmes \u00e0 la percussion, une interpr\u00e9tation saisissante de chant et de po\u00e9sie et bien s\u00fbr l\u2019archet et la contrebasse qui chaque fois p\u00e9n\u00e8trent au c\u0153ur de la larme de \u2018Alma de L\u00e1grimas\u2019. \u2018Alma de L\u00e1grimas\u2019 est l\u2019ensemble cr\u00e9\u00e9 par le guitariste Flamenco Wim Cops et le contrebassiste Ruben Appermont.<\/p>\n<p>Avec comme support la musique m\u00e9ridionale, ils interpr\u00e8tent leurs propres \u0153uvres et pr\u00e9sentent des concerts enthousiasmants. Le r\u00e9sultat de l\u2019exp\u00e9rience que Wim a du Flamenco et de la formation Classique de Ruben, combin\u00e9es avec leurs exp\u00e9riences en ambiances sud-am\u00e9ricaines tel que le Jazz et le Tango, donne un mix organique de ces diff\u00e9rents styles. \u00c9nergique mais aussi fragile. Sans perdre en raffinement, ils vont droit au c\u0153ur de leur musique. Immergez-vous dans le Sud \u00e9touffant de l\u2019Ensemble 'Alma de L\u00e1grimas'. D\u00e9couvrez cet ensemble avec ces musiciens de renom pour un concert ferme et subtil qui vous laissera sans aucun doute une impression ind\u00e9l\u00e9bile.<\/p>\n<p><strong>D\u00e9couvrez 'VIAJE AL SUR Ensemble' live!<\/strong><\/p>\n<p>[\/et_pb_text][et_pb_button button_url=&#8221;#contact&#8221; button_text=&#8221;Contacteer ons&#8221; button_alignment=&#8221;center&#8221; _builder_version=&#8221;4.10.7&#8243; custom_button=&#8221;on&#8221; button_text_color=&#8221;#280700&#8243; button_border_color=&#8221;#280700&#8243; hover_enabled=&#8221;0&#8243; custom_css_main_element=&#8221;padding: 5px 10px 5px 10px !important;&#8221; button_text_color_hover=&#8221;#8c5400&#8243; button_border_color_hover=&#8221;#8c5400&#8243; button_bg_color_hover=&#8221;rgba(0,0,0,0)&#8221; saved_tabs=&#8221;all&#8221; global_colors_info=&#8221;{}&#8221; button_text_size__hover_enabled=&#8221;off&#8221; button_one_text_size__hover_enabled=&#8221;off&#8221; button_two_text_size__hover_enabled=&#8221;off&#8221; button_text_color__hover_enabled=&#8221;on|hover&#8221; button_text_color__hover=&#8221;#E35453&#8243; button_one_text_color__hover_enabled=&#8221;off&#8221; button_two_text_color__hover_enabled=&#8221;off&#8221; button_border_width__hover_enabled=&#8221;off&#8221; button_one_border_width__hover_enabled=&#8221;off&#8221; button_two_border_width__hover_enabled=&#8221;off&#8221; button_border_color__hover_enabled=&#8221;on&#8221; button_border_color__hover=&#8221;#E35453&#8243; button_one_border_color__hover_enabled=&#8221;off&#8221; button_two_border_color__hover_enabled=&#8221;off&#8221; button_border_radius__hover_enabled=&#8221;off&#8221; button_one_border_radius__hover_enabled=&#8221;off&#8221; button_two_border_radius__hover_enabled=&#8221;off&#8221; button_letter_spacing__hover_enabled=&#8221;off&#8221; button_one_letter_spacing__hover_enabled=&#8221;off&#8221; button_two_letter_spacing__hover_enabled=&#8221;off&#8221; button_bg_color__hover_enabled=&#8221;on&#8221; button_bg_color__hover=&#8221;rgba(0,0,0,0)&#8221; button_one_bg_color__hover_enabled=&#8221;off&#8221; button_two_bg_color__hover_enabled=&#8221;off&#8221; sticky_enabled=&#8221;0&#8243;]&nbsp;<br \/>\n[\/et_pb_button][\/et_pb_column][\/et_pb_row][\/et_pb_section][et_pb_section fb_built=&#8221;1&#8243; module_id=&#8221;contact&#8221; _builder_version=&#8221;4.10.7&#8243; background_color=&#8221;#191919&#8243; background_image=&#8221;\/\/i0.wp.com\/almadelagrimas.com\/wp-content\/uploads\/2022\/02\/vloer2.jpg&#8221; background_size=&#8221;initial&#8221; background_position=&#8221;bottom_center&#8221; background_blend=&#8221;lighten&#8221; custom_padding=&#8221;62px|0px|25.3906px|0px|false|false&#8221; da_disable_devices=&#8221;off|off|off&#8221; global_colors_info=&#8221;{}&#8221; global_module=&#8221;1788&#8243; da_is_popup=&#8221;off&#8221; da_exit_intent=&#8221;off&#8221; da_has_close=&#8221;on&#8221; da_alt_close=&#8221;off&#8221; da_dark_close=&#8221;off&#8221; da_not_modal=&#8221;on&#8221; da_is_singular=&#8221;off&#8221; da_with_loader=&#8221;off&#8221; da_has_shadow=&#8221;on&#8221;][et_pb_row column_structure=&#8221;1_2,1_2&#8243; _builder_version=&#8221;4.9.0&#8243; background_size=&#8221;initial&#8221; background_position=&#8221;top_left&#8221; background_repeat=&#8221;repeat&#8221; global_colors_info=&#8221;{}&#8221;][et_pb_column type=&#8221;1_2&#8243; module_class=&#8221;ds-vertical-align&#8221; _builder_version=&#8221;4.9.0&#8243; custom_padding=&#8221;|||&#8221; global_colors_info=&#8221;{}&#8221; custom_padding__hover=&#8221;|||&#8221;][et_pb_text admin_label=&#8221;Contact&#8221; module_id=&#8221;contactlinks&#8221; _builder_version=&#8221;4.10.7&#8243; text_font=&#8221;Cheap_Pine_Sans|||on|||||&#8221; text_text_color=&#8221;#FFFFFF&#8221; text_font_size=&#8221;50px&#8221; header_text_color=&#8221;#f4ecd2&#8243; background_repeat=&#8221;repeat&#8221; custom_margin=&#8221;||48px||false|false&#8221; global_colors_info=&#8221;{}&#8221;]<\/p>\n<p>Contact<\/p>\n<p>[\/et_pb_text][et_pb_text admin_label=&#8221;Contact&#8221; module_id=&#8221;contactlinks&#8221; _builder_version=&#8221;4.10.7&#8243; text_font=&#8221;||||||||&#8221; text_text_color=&#8221;#FFFFFF&#8221; text_font_size=&#8221;16px&#8221; header_text_color=&#8221;#f4ecd2&#8243; background_repeat=&#8221;repeat&#8221; custom_margin=&#8221;||48px||false|false&#8221; global_colors_info=&#8221;{}&#8221;]<\/p>\n<p><span style=\"color: #ffffff;\"><strong>Info:<\/strong> <a target=\"_top\" href=\"mailto:info@almadelagrimas.com\" rel=\"noopener\" style=\"color: #ffffff;\">info@almadelagrimas.com<\/a><\/span><br \/><span style=\"color: #ffffff;\"><strong>Booking:\u00a0<\/strong><a target=\"_top\" href=\"mailto:laetitia@cigalleproductions.com\" rel=\"noopener\" style=\"color: #ffffff;\">laetitia@cigalleproductions.com<\/a><\/span><\/p>\n<p>[\/et_pb_text][et_pb_social_media_follow icon_color=&#8221;#280700&#8243; module_class=&#8221;colored-icons&#8221; _builder_version=&#8221;4.10.7&#8243; background_color=&#8221;RGBA(0,0,0,0)&#8221; global_colors_info=&#8221;{}&#8221;][et_pb_social_media_follow_network social_network=&#8221;facebook&#8221; url=&#8221;https:\/\/www.facebook.com\/almadelagrimas&#8221; _builder_version=&#8221;4.10.7&#8243; background_color=&#8221;#FFFFFF&#8221; background_enable_color=&#8221;on&#8221; border_radii=&#8221;on|0px|0px|0px|0px&#8221; global_colors_info=&#8221;{}&#8221; background__hover_enabled=&#8221;on|hover&#8221; background_color__hover=&#8221;#E35453&#8243; background_enable_color__hover=&#8221;on&#8221; follow_button=&#8221;off&#8221; url_new_window=&#8221;on&#8221;]<\/p>\n<p>Facebook<\/p>\n<p>[\/et_pb_social_media_follow_network][et_pb_social_media_follow_network social_network=&#8221;instagram&#8221; url=&#8221;https:\/\/www.instagram.com\/almadelagrimas&#8221; _builder_version=&#8221;4.10.7&#8243; background_color=&#8221;#FFFFFF&#8221; background_enable_color=&#8221;on&#8221; border_radii=&#8221;on|0px|0px|0px|0px&#8221; global_colors_info=&#8221;{}&#8221; background__hover_enabled=&#8221;on|hover&#8221; background_color__hover=&#8221;#E35453&#8243; background_enable_color__hover=&#8221;on&#8221; follow_button=&#8221;off&#8221; url_new_window=&#8221;on&#8221;]<\/p>\n<p>Instagram<\/p>\n<p>[\/et_pb_social_media_follow_network][\/et_pb_social_media_follow][et_pb_button button_url=&#8221;https:\/\/eepurl.com\/dvj8Ab&#8221; url_new_window=&#8221;on&#8221; button_text=&#8221;Ontvang onze nieuwsbrief&#8221; admin_label=&#8221;Nieuwsbrief button&#8221; _builder_version=&#8221;4.10.7&#8243; custom_button=&#8221;on&#8221; button_text_color=&#8221;#FFFFFF&#8221; button_bg_color=&#8221;RGBA(0,0,0,0)&#8221; button_border_color=&#8221;#FFFFFF&#8221; button_text_color_hover=&#8221;#d2c18b&#8221; button_border_color_hover=&#8221;#d2c18b&#8221; global_colors_info=&#8221;{}&#8221; button_text_size__hover_enabled=&#8221;off&#8221; button_text_size__hover=&#8221;null&#8221; button_one_text_size__hover_enabled=&#8221;off&#8221; button_one_text_size__hover=&#8221;null&#8221; button_two_text_size__hover_enabled=&#8221;off&#8221; button_two_text_size__hover=&#8221;null&#8221; button_text_color__hover_enabled=&#8221;on|hover&#8221; button_text_color__hover=&#8221;#E35453&#8243; button_one_text_color__hover_enabled=&#8221;off&#8221; button_one_text_color__hover=&#8221;null&#8221; button_two_text_color__hover_enabled=&#8221;off&#8221; button_two_text_color__hover=&#8221;null&#8221; button_border_width__hover_enabled=&#8221;off&#8221; button_border_width__hover=&#8221;null&#8221; button_one_border_width__hover_enabled=&#8221;off&#8221; button_one_border_width__hover=&#8221;null&#8221; button_two_border_width__hover_enabled=&#8221;off&#8221; button_two_border_width__hover=&#8221;null&#8221; button_border_color__hover_enabled=&#8221;on|hover&#8221; button_border_color__hover=&#8221;#E35453&#8243; button_one_border_color__hover_enabled=&#8221;off&#8221; button_one_border_color__hover=&#8221;null&#8221; button_two_border_color__hover_enabled=&#8221;off&#8221; button_two_border_color__hover=&#8221;null&#8221; button_border_radius__hover_enabled=&#8221;off&#8221; button_border_radius__hover=&#8221;null&#8221; button_one_border_radius__hover_enabled=&#8221;off&#8221; button_one_border_radius__hover=&#8221;null&#8221; button_two_border_radius__hover_enabled=&#8221;off&#8221; button_two_border_radius__hover=&#8221;null&#8221; button_letter_spacing__hover_enabled=&#8221;off&#8221; button_letter_spacing__hover=&#8221;null&#8221; button_one_letter_spacing__hover_enabled=&#8221;off&#8221; button_one_letter_spacing__hover=&#8221;null&#8221; button_two_letter_spacing__hover_enabled=&#8221;off&#8221; button_two_letter_spacing__hover=&#8221;null&#8221; button_bg_color__hover_enabled=&#8221;off&#8221; button_bg_color__hover=&#8221;null&#8221; button_one_bg_color__hover_enabled=&#8221;off&#8221; button_one_bg_color__hover=&#8221;null&#8221; button_two_bg_color__hover_enabled=&#8221;off&#8221; button_two_bg_color__hover=&#8221;null&#8221;]<\/p>\n<p>\u00a0<\/p>\n<p>[\/et_pb_button][\/et_pb_column][et_pb_column type=&#8221;1_2&#8243; module_class=&#8221;ds-vertical-align&#8221; _builder_version=&#8221;4.9.0&#8243; custom_padding=&#8221;|||&#8221; global_colors_info=&#8221;{}&#8221; custom_padding__hover=&#8221;|||&#8221;][et_pb_contact_form captcha=&#8221;off&#8221; email=&#8221;info@almadelagrimas.com&#8221; success_message=&#8221;Bedankt, het bericht werd verstuurd. We nemen zo snel mogelijk contact met u op.&#8221; submit_button_text=&#8221;Verstuur&#8221; module_id=&#8221;et_pb_contact_form_0&#8243; _builder_version=&#8221;4.10.7&#8243; form_field_background_color=&#8221;#FFFFFF&#8221; form_field_text_color=&#8221;#f4ecd2&#8243; custom_button=&#8221;on&#8221; button_text_color=&#8221;#FFFFFF&#8221; button_border_color=&#8221;#FFFFFF&#8221; button_use_icon=&#8221;off&#8221; custom_css_contact_button=&#8221;margin-top:20px;&#8221; form_background_color=&#8221;#f4ecd2&#8243; global_colors_info=&#8221;{}&#8221; button_border_color__hover_enabled=&#8221;on|hover&#8221; button_text_size__hover_enabled=&#8221;off|hover&#8221; button_border_color__hover=&#8221;#E35453&#8243; button_text_color__hover_enabled=&#8221;on|hover&#8221; button_text_color__hover=&#8221;#E35453&#8243; button_text_color_hover=&#8221;#d2c18b&#8221; button_border_color_hover=&#8221;#d2c18b&#8221;][et_pb_contact_field field_id=&#8221;Naam&#8221; field_title=&#8221;Naam&#8221; fullwidth_field=&#8221;on&#8221; _builder_version=&#8221;3.16&#8243; form_field_text_color=&#8221;#7a7a7a&#8221; global_colors_info=&#8221;{}&#8221; button_text_size__hover_enabled=&#8221;off&#8221; button_one_text_size__hover_enabled=&#8221;off&#8221; button_two_text_size__hover_enabled=&#8221;off&#8221; button_text_color__hover_enabled=&#8221;off&#8221; button_one_text_color__hover_enabled=&#8221;off&#8221; button_two_text_color__hover_enabled=&#8221;off&#8221; button_border_width__hover_enabled=&#8221;off&#8221; button_one_border_width__hover_enabled=&#8221;off&#8221; button_two_border_width__hover_enabled=&#8221;off&#8221; button_border_color__hover_enabled=&#8221;off&#8221; button_one_border_color__hover_enabled=&#8221;off&#8221; button_two_border_color__hover_enabled=&#8221;off&#8221; button_border_radius__hover_enabled=&#8221;off&#8221; button_one_border_radius__hover_enabled=&#8221;off&#8221; button_two_border_radius__hover_enabled=&#8221;off&#8221; button_letter_spacing__hover_enabled=&#8221;off&#8221; button_one_letter_spacing__hover_enabled=&#8221;off&#8221; button_two_letter_spacing__hover_enabled=&#8221;off&#8221; button_bg_color__hover_enabled=&#8221;off&#8221; button_one_bg_color__hover_enabled=&#8221;off&#8221; button_two_bg_color__hover_enabled=&#8221;off&#8221;][\/et_pb_contact_field][et_pb_contact_field field_id=&#8221;Email&#8221; field_title=&#8221;Email adres&#8221; field_type=&#8221;email&#8221; fullwidth_field=&#8221;on&#8221; _builder_version=&#8221;3.16&#8243; form_field_text_color=&#8221;#7a7a7a&#8221; global_colors_info=&#8221;{}&#8221; button_text_size__hover_enabled=&#8221;off&#8221; button_one_text_size__hover_enabled=&#8221;off&#8221; button_two_text_size__hover_enabled=&#8221;off&#8221; button_text_color__hover_enabled=&#8221;off&#8221; button_one_text_color__hover_enabled=&#8221;off&#8221; button_two_text_color__hover_enabled=&#8221;off&#8221; button_border_width__hover_enabled=&#8221;off&#8221; button_one_border_width__hover_enabled=&#8221;off&#8221; button_two_border_width__hover_enabled=&#8221;off&#8221; button_border_color__hover_enabled=&#8221;off&#8221; button_one_border_color__hover_enabled=&#8221;off&#8221; button_two_border_color__hover_enabled=&#8221;off&#8221; button_border_radius__hover_enabled=&#8221;off&#8221; button_one_border_radius__hover_enabled=&#8221;off&#8221; button_two_border_radius__hover_enabled=&#8221;off&#8221; button_letter_spacing__hover_enabled=&#8221;off&#8221; button_one_letter_spacing__hover_enabled=&#8221;off&#8221; button_two_letter_spacing__hover_enabled=&#8221;off&#8221; button_bg_color__hover_enabled=&#8221;off&#8221; button_one_bg_color__hover_enabled=&#8221;off&#8221; button_two_bg_color__hover_enabled=&#8221;off&#8221;][\/et_pb_contact_field][et_pb_contact_field field_id=&#8221;Boodschap&#8221; field_title=&#8221;Boodschap&#8221; field_type=&#8221;text&#8221; fullwidth_field=&#8221;on&#8221; _builder_version=&#8221;3.16&#8243; form_field_text_color=&#8221;#7a7a7a&#8221; global_colors_info=&#8221;{}&#8221; button_text_size__hover_enabled=&#8221;off&#8221; button_one_text_size__hover_enabled=&#8221;off&#8221; button_two_text_size__hover_enabled=&#8221;off&#8221; button_text_color__hover_enabled=&#8221;off&#8221; button_one_text_color__hover_enabled=&#8221;off&#8221; button_two_text_color__hover_enabled=&#8221;off&#8221; button_border_width__hover_enabled=&#8221;off&#8221; button_one_border_width__hover_enabled=&#8221;off&#8221; button_two_border_width__hover_enabled=&#8221;off&#8221; button_border_color__hover_enabled=&#8221;off&#8221; button_one_border_color__hover_enabled=&#8221;off&#8221; button_two_border_color__hover_enabled=&#8221;off&#8221; button_border_radius__hover_enabled=&#8221;off&#8221; button_one_border_radius__hover_enabled=&#8221;off&#8221; button_two_border_radius__hover_enabled=&#8221;off&#8221; button_letter_spacing__hover_enabled=&#8221;off&#8221; button_one_letter_spacing__hover_enabled=&#8221;off&#8221; button_two_letter_spacing__hover_enabled=&#8221;off&#8221; button_bg_color__hover_enabled=&#8221;off&#8221; button_one_bg_color__hover_enabled=&#8221;off&#8221; button_two_bg_color__hover_enabled=&#8221;off&#8221;][\/et_pb_contact_field][\/et_pb_contact_form][\/et_pb_column][\/et_pb_row][et_pb_row _builder_version=&#8221;3.25&#8243; background_size=&#8221;initial&#8221; background_position=&#8221;top_left&#8221; background_repeat=&#8221;repeat&#8221; custom_margin=&#8221;39px||0px|&#8221; custom_padding=&#8221;1px||0px|&#8221; global_colors_info=&#8221;{}&#8221;][et_pb_column type=&#8221;4_4&#8243; _builder_version=&#8221;3.25&#8243; custom_padding=&#8221;|||&#8221; global_colors_info=&#8221;{}&#8221; custom_padding__hover=&#8221;|||&#8221;][et_pb_text admin_label=&#8221;Footer credits&#8221; module_id=&#8221;footerlinks&#8221; _builder_version=&#8221;4.10.7&#8243; text_text_color=&#8221;#FFFFFF&#8221; text_font_size=&#8221;12px&#8221; text_orientation=&#8221;center&#8221; global_colors_info=&#8221;{}&#8221;]<\/p>\n<p>Foto&#8217;s: <a href=\"https:\/\/photomarianne.jimdofree.com\/\" target=\"_blank\" rel=\"noopener noreferrer\">Marianne Peyffers<\/a>, <a href=\"https:\/\/be.linkedin.com\/in\/eddy-willems-6367167\" target=\"_blank\" rel=\"noopener noreferrer\">Eddy Willems<\/a>,\u00a0<a href=\"https:\/\/artlab-11.be\/\" target=\"_blank\" rel=\"noopener noreferrer\">Jaak van Hemelryck<\/a>,\u00a0<a href=\"https:\/\/be.linkedin.com\/in\/eddy-willems-6367167\" target=\"_blank\" rel=\"noopener noreferrer\">Maxim Stevens<\/a>,\u00a0Website <a href=\"mailto:suzannedom@gmail.com\" target=\"_blank\" rel=\"noopener noreferrer\">suus<\/a><br \/>Copyright 2022 Alma de L\u00e1grimas<\/p>\n<p>[\/et_pb_text][\/et_pb_column][\/et_pb_row][\/et_pb_section]<\/p>","protected":false},"excerpt":{"rendered":"<p>&nbsp; Wim Cops: flamencogitaarRuben Appermont: contrabasElise De Vliegher: zang \/ dansPhillip Bruffaerts: flamencogitaarBert Peyffers: percussieWim Cops en Ruben Appermont:muziek en compositie&#8217;Alma de L\u00e1grimas&#8217; ensembleVuurwerk tussen twee Flamenco gitaren, een waterval van klanken en ritmes op percussie, innemende vertolkingen van zang en po\u00ebzie en uiteraard de contrabas en strijkstok met melodie\u00ebn die steeds reiken tot de [&hellip;]<\/p>","protected":false},"author":1,"featured_media":0,"parent":0,"menu_order":0,"comment_status":"closed","ping_status":"closed","template":"","meta":{"_et_pb_use_builder":"on","_et_pb_old_content":"","_et_gb_content_width":"","footnotes":""},"class_list":["post-1420","page","type-page","status-publish","hentry"],"aioseo_notices":[],"_links":{"self":[{"href":"https:\/\/almadelagrimas.com\/fr\/wp-json\/wp\/v2\/pages\/1420","targetHints":{"allow":["GET"]}}],"collection":[{"href":"https:\/\/almadelagrimas.com\/fr\/wp-json\/wp\/v2\/pages"}],"about":[{"href":"https:\/\/almadelagrimas.com\/fr\/wp-json\/wp\/v2\/types\/page"}],"author":[{"embeddable":true,"href":"https:\/\/almadelagrimas.com\/fr\/wp-json\/wp\/v2\/users\/1"}],"replies":[{"embeddable":true,"href":"https:\/\/almadelagrimas.com\/fr\/wp-json\/wp\/v2\/comments?post=1420"}],"version-history":[{"count":5,"href":"https:\/\/almadelagrimas.com\/fr\/wp-json\/wp\/v2\/pages\/1420\/revisions"}],"predecessor-version":[{"id":1802,"href":"https:\/\/almadelagrimas.com\/fr\/wp-json\/wp\/v2\/pages\/1420\/revisions\/1802"}],"wp:attachment":[{"href":"https:\/\/almadelagrimas.com\/fr\/wp-json\/wp\/v2\/media?parent=1420"}],"curies":[{"name":"wp","href":"https:\/\/api.w.org\/{rel}","templated":true}]}}